{"id":130,"date":"2024-05-31T15:23:23","date_gmt":"2024-05-31T13:23:23","guid":{"rendered":"https:\/\/rifugioviote.com\/?page_id=130"},"modified":"2025-01-02T14:30:51","modified_gmt":"2025-01-02T13:30:51","slug":"chi-siamo","status":"publish","type":"page","link":"https:\/\/rifugioviote.com\/index.php\/chi-siamo\/","title":{"rendered":"Chi Siamo"},"content":{"rendered":"\n<h3>\n\t\tPASSIONE E COMPETENZA: CONOSCI IL NOSTRO TEAM\n\t<\/h3>\n\t<strong>Ugo<\/strong>\u00a0e <strong>Fabrizio<\/strong>, il cuore pulsante del <em>Rifugio<\/em> <strong>VIOTE<br \/>\n<\/strong>Due nomi, una sola missione: rendere ogni momento indimenticabile!\n<p>Per loro il <em>Rifugio<\/em> <strong>VIOTE <\/strong>\u00a0non \u00e8 solo un posto da gestire, ma \u00e8 il risultato di un sogno condiviso. Ogni dettaglio, dall&#8217;accoglienza alla cura del luogo, \u00e8 pensato per far respirare autenticit\u00e0 e regalare momenti di vero calore umano. Ospitalit\u00e0 significa accogliere, ascoltare e anticipare i bisogni degli ospiti.<\/p>\n\t\t\t\t<img loading=\"lazy\" decoding=\"async\" src=\"https:\/\/rifugioviote.com\/wp-content\/uploads\/2024\/07\/processed-7462AEFB-D820-4B81-98C3-1FBE454170D9-761x1024.jpeg\" alt=\"processed-7462AEFB-D820-4B81-98C3-1FBE454170D9\" itemprop=\"image\" height=\"1024\" width=\"761\" title=\"processed-7462AEFB-D820-4B81-98C3-1FBE454170D9\" onerror=\"this.style.display='none'\"  \/>\n<h2>\n\t\t\u00c8 come entrare in casa di vecchi amici che ti aspettano con un sorriso. Questo \u00e8 ci\u00f2 che vogliamo offrire: un&#8217;esperienza cucita su misura per ogni ospite.\n\t<\/h2>\n\n","protected":false},"excerpt":{"rendered":"<p>PASSIONE E COMPETENZA: CONOSCI IL NOSTRO TEAM Ugo\u00a0e Fabrizio, il cuore pulsante del Rifugio VIOTE Due nomi, una sola missione: rendere ogni momento indimenticabile! Per loro il Rifugio VIOTE \u00a0non \u00e8 solo un posto da gestire, ma \u00e8 il risultato di un sogno condiviso. Ogni dettaglio, dall&#8217;accoglienza alla cura del luogo, \u00e8 pensato per far &hellip; <\/p>\n<p class=\"link-more\"><a href=\"https:\/\/rifugioviote.com\/index.php\/chi-siamo\/\" class=\"more-link\">Leggi tutto<span class=\"screen-reader-text\"> &#8220;Chi Siamo&#8221;<\/span><\/a><\/p>\n","protected":false},"author":1,"featured_media":578,"parent":0,"menu_order":0,"comment_status":"closed","ping_status":"closed","template":"","meta":{"inspiro_hide_title":false,"footnotes":""},"class_list":["post-130","page","type-page","status-publish","has-post-thumbnail","hentry"],"featured_media_urls":{"thumbnail":["https:\/\/rifugioviote.com\/wp-content\/uploads\/2024\/12\/54006627495_67c2eb22c2_o-150x150.jpg",150,150,true],"medium":["https:\/\/rifugioviote.com\/wp-content\/uploads\/2024\/12\/54006627495_67c2eb22c2_o-300x225.jpg",300,225,true],"medium_large":["https:\/\/rifugioviote.com\/wp-content\/uploads\/2024\/12\/54006627495_67c2eb22c2_o-scaled.jpg",768,576,false],"large":["https:\/\/rifugioviote.com\/wp-content\/uploads\/2024\/12\/54006627495_67c2eb22c2_o-1024x768.jpg",950,713,true],"1536x1536":["https:\/\/rifugioviote.com\/wp-content\/uploads\/2024\/12\/54006627495_67c2eb22c2_o-scaled-1536x1152.jpg",1536,1152,true],"2048x2048":["https:\/\/rifugioviote.com\/wp-content\/uploads\/2024\/12\/54006627495_67c2eb22c2_o-scaled-2048x1536.jpg",2048,1536,true],"inspiro-featured-image":["https:\/\/rifugioviote.com\/wp-content\/uploads\/2024\/12\/54006627495_67c2eb22c2_o-2000x1500.jpg",2000,1500,true],"inspiro-loop":["https:\/\/rifugioviote.com\/wp-content\/uploads\/2024\/12\/54006627495_67c2eb22c2_o-950x320.jpg",950,320,true],"inspiro-loop@2x":["https:\/\/rifugioviote.com\/wp-content\/uploads\/2024\/12\/54006627495_67c2eb22c2_o-1900x640.jpg",1900,640,true],"portfolio_item-thumbnail":["https:\/\/rifugioviote.com\/wp-content\/uploads\/2024\/12\/54006627495_67c2eb22c2_o-scaled-600x400.jpg",600,400,true],"portfolio_item-thumbnail@2x":["https:\/\/rifugioviote.com\/wp-content\/uploads\/2024\/12\/54006627495_67c2eb22c2_o-scaled-1200x800.jpg",1200,800,true],"portfolio_item-masonry":["https:\/\/rifugioviote.com\/wp-content\/uploads\/2024\/12\/54006627495_67c2eb22c2_o-scaled-600x450.jpg",600,450,true],"portfolio_item-masonry@2x":["https:\/\/rifugioviote.com\/wp-content\/uploads\/2024\/12\/54006627495_67c2eb22c2_o-scaled-1200x900.jpg",1200,900,true],"portfolio_item-thumbnail_cinema":["https:\/\/rifugioviote.com\/wp-content\/uploads\/2024\/12\/54006627495_67c2eb22c2_o-scaled-800x335.jpg",800,335,true],"portfolio_item-thumbnail_portrait":["https:\/\/rifugioviote.com\/wp-content\/uploads\/2024\/12\/54006627495_67c2eb22c2_o-scaled-600x900.jpg",600,900,true],"portfolio_item-thumbnail_portrait@2x":["https:\/\/rifugioviote.com\/wp-content\/uploads\/2024\/12\/54006627495_67c2eb22c2_o-scaled-1200x1800.jpg",1200,1800,true],"portfolio_item-thumbnail_square":["https:\/\/rifugioviote.com\/wp-content\/uploads\/2024\/12\/54006627495_67c2eb22c2_o-scaled-800x800.jpg",800,800,true]},"_links":{"self":[{"href":"https:\/\/rifugioviote.com\/index.php\/wp-json\/wp\/v2\/pages\/130","targetHints":{"allow":["GET"]}}],"collection":[{"href":"https:\/\/rifugioviote.com\/index.php\/wp-json\/wp\/v2\/pages"}],"about":[{"href":"https:\/\/rifugioviote.com\/index.php\/wp-json\/wp\/v2\/types\/page"}],"author":[{"embeddable":true,"href":"https:\/\/rifugioviote.com\/index.php\/wp-json\/wp\/v2\/users\/1"}],"replies":[{"embeddable":true,"href":"https:\/\/rifugioviote.com\/index.php\/wp-json\/wp\/v2\/comments?post=130"}],"version-history":[{"count":25,"href":"https:\/\/rifugioviote.com\/index.php\/wp-json\/wp\/v2\/pages\/130\/revisions"}],"predecessor-version":[{"id":591,"href":"https:\/\/rifugioviote.com\/index.php\/wp-json\/wp\/v2\/pages\/130\/revisions\/591"}],"wp:featuredmedia":[{"embeddable":true,"href":"https:\/\/rifugioviote.com\/index.php\/wp-json\/wp\/v2\/media\/578"}],"wp:attachment":[{"href":"https:\/\/rifugioviote.com\/index.php\/wp-json\/wp\/v2\/media?parent=130"}],"curies":[{"name":"wp","href":"https:\/\/api.w.org\/{rel}","templated":true}]}}