{"id":125,"date":"2024-05-31T15:18:51","date_gmt":"2024-05-31T13:18:51","guid":{"rendered":"https:\/\/rifugioviote.com\/?page_id=125"},"modified":"2025-10-21T11:00:16","modified_gmt":"2025-10-21T09:00:16","slug":"pernottamento","status":"publish","type":"page","link":"https:\/\/rifugioviote.com\/index.php\/pernottamento\/","title":{"rendered":"Pernottamento"},"content":{"rendered":"\n<h3>\n\t\t\tPrenota ora il tuo soggiorno da noi!\t<\/h3>\n\t<p>L&#8217;esperienza di vivere in rifugio con la comodit\u00e0 dell&#8217;ampio parcheggio a solo 150 mt.<\/p>\n<p><strong>La semplicit\u00e0 delle camere arredate con il calore del legno, l&#8217;ambiente informale, la condivisione dei bagni, la socializzazione sono l&#8217;occasione perfetta per respirare la vera essenza della vita in rifugio e della vita in montagna<\/strong>. Un panorama mozzafiato sul giardino botanico delle Alpi e sul maestoso altipiano. la serenit\u00e0 che solo l&#8217;altitudine pu\u00f2 regalare. \u00c8 il &#8220;rifugio&#8221; ideale per chi cerca un&#8217;oasi di tranquillit\u00e0, lontano dalla frenesia quotidiana.<\/p>\n<p>Dopo una giornata passata a esplorare sentieri, a respirare aria fresca e a immergerti nella bellezza della natura, non c&#8217;\u00e8 niente di meglio che tornare e trovare un rifugio caldo e accogliente<\/p>\n<h2>\n\t\t\tLe nostre camere\u00a0\t<\/h2>\n\t<p>Ogni camera \u00e8 arredata con uno stile semplice ma accogliente, pensato per farti sentire a casa.<\/p>\n<ul>\n<li><strong>3 Camere letto a castello<\/strong>: ideali per chi cerca pace e privacy &#8211; con lavello in camera<\/li>\n<li><strong>3 Camere doppie<\/strong>: perfette per coppie o amici in viaggio &#8211; con lavello in camera<\/li>\n<li><strong>1 Camera tripla<\/strong>: spaziose e confortevoli piccoli gruppi &#8211; con bagno privato<\/li>\n<li><strong>1 Camera familiare quadrupla<\/strong>: la scelta perfetta per un viaggio in famiglia &#8211; con bagno privato<\/li>\n<\/ul>\n\t\t\t\t<a href=\"https:\/\/rifugioviote.com\/index.php\/camera1_lettoacastello\/\"  target=\"_blank\" rel=\"noopener\"  itemprop=\"url\">\n\t\t\t\t<img decoding=\"async\" src=\"https:\/\/rifugioviote.com\/wp-content\/uploads\/2025\/01\/DSC4866-scaled.jpeg\" alt=\"Camera 1: Letto a Castello\" itemprop=\"image\" height=\"1708\" width=\"2560\" title=\"_DSC4866\" onerror=\"this.style.display='none'\" loading='lazy' \/>\n\t\t\t\t<\/a>\n\t\tCamera 1: Letto a Castello\n\t\t\t\t<a href=\"https:\/\/rifugioviote.com\/index.php\/camera1_doppia\/\"  target=\"_blank\" rel=\"noopener\"  itemprop=\"url\">\n\t\t\t\t<img decoding=\"async\" src=\"https:\/\/rifugioviote.com\/wp-content\/uploads\/2025\/01\/DSC4793-scaled.jpeg\" alt=\"Camera 1: Doppia\" itemprop=\"image\" height=\"1709\" width=\"2560\" title=\"_DSC4793\" onerror=\"this.style.display='none'\" loading='lazy' \/>\n\t\t\t\t<\/a>\n\t\tCamera 1: Doppia\n\t\t\t\t<a href=\"https:\/\/rifugioviote.com\/index.php\/camera2_lettoacastello\/\"  target=\"_blank\" rel=\"noopener\"  itemprop=\"url\">\n\t\t\t\t<img decoding=\"async\" src=\"https:\/\/rifugioviote.com\/wp-content\/uploads\/2025\/01\/DSC7612-scaled.jpeg\" alt=\"Camera 2: Letto a Castello\" itemprop=\"image\" height=\"1703\" width=\"2560\" title=\"_DSC7612\" onerror=\"this.style.display='none'\" loading='lazy' \/>\n\t\t\t\t<\/a>\n\t\tCamera 2: Letto a Castello\n\t\t\t\t<a href=\"https:\/\/rifugioviote.com\/index.php\/camera2_doppia\/\"  target=\"_blank\" rel=\"noopener\"  itemprop=\"url\">\n\t\t\t\t<img decoding=\"async\" src=\"https:\/\/rifugioviote.com\/wp-content\/uploads\/2025\/01\/DSC4869-scaled.jpeg\" alt=\"Camera 2: Doppia\" itemprop=\"image\" height=\"1708\" width=\"2560\" title=\"_DSC4869\" onerror=\"this.style.display='none'\" loading='lazy' \/>\n\t\t\t\t<\/a>\n\t\tCamera 2: Doppia\n\t\t\t\t<a href=\"https:\/\/rifugioviote.com\/index.php\/camera3_lettoacastello\/\"  target=\"_blank\" rel=\"noopener\"  itemprop=\"url\">\n\t\t\t\t<img decoding=\"async\" src=\"https:\/\/rifugioviote.com\/wp-content\/uploads\/2025\/01\/DSC7611-scaled.jpeg\" alt=\"Camera 3: Letto a Castello\" itemprop=\"image\" height=\"2560\" width=\"1704\" title=\"_DSC7611\" onerror=\"this.style.display='none'\" loading='lazy' \/>\n\t\t\t\t<\/a>\n\t\tCamera 3: Letto a Castello\n\t\t\t\t<a href=\"https:\/\/rifugioviote.com\/index.php\/camera3_doppia\/\"  target=\"_blank\" rel=\"noopener\"  itemprop=\"url\">\n\t\t\t\t<img decoding=\"async\" src=\"https:\/\/rifugioviote.com\/wp-content\/uploads\/2025\/01\/DSC4859-scaled.jpeg\" alt=\"Camera 3: Doppia\" itemprop=\"image\" height=\"1708\" width=\"2560\" title=\"_DSC4859\" onerror=\"this.style.display='none'\" loading='lazy' \/>\n\t\t\t\t<\/a>\n\t\tCamera 3: Doppia\n\t\t\t\t<a href=\"https:\/\/rifugioviote.com\/index.php\/cameratripla\/\"  target=\"_blank\" rel=\"noopener\"  itemprop=\"url\">\n\t\t\t\t<img decoding=\"async\" src=\"https:\/\/rifugioviote.com\/wp-content\/uploads\/2024\/12\/53861746182_0fdd9a049c_o-scaled-e1735827781185.jpg\" alt=\"Camera Tripla\" itemprop=\"image\" height=\"1715\" width=\"2543\" title=\"53861746182_0fdd9a049c_o\" onerror=\"this.style.display='none'\" loading='lazy' \/>\n\t\t\t\t<\/a>\n\t\tCamera Tripla\n\t\t\t\t<a href=\"https:\/\/rifugioviote.com\/index.php\/cameraquadruplafamiliare\/\"  target=\"_blank\" rel=\"noopener\"  itemprop=\"url\">\n\t\t\t\t<img decoding=\"async\" src=\"https:\/\/rifugioviote.com\/wp-content\/uploads\/2025\/01\/DSC7607-scaled.jpeg\" alt=\"Camera Famigliare Quadrupla\" itemprop=\"image\" height=\"1704\" width=\"2560\" title=\"_DSC7607\" onerror=\"this.style.display='none'\" loading='lazy' \/>\n\t\t\t\t<\/a>\n\t\tCamera Famigliare Quadrupla\n\t<p><strong>Vista sul giardino botanico e la natura circostante<\/strong><\/p>\n<p>Ti sveglierai circondato da bellezza. Le finestre delle nostre camere si affacciano sullo storico Giardino Botanico del MUSE di Trento, un vero gioiello di biodiversit\u00e0. L&#8217;altra vista? La vegetazione rigogliosa delle Viote, che con i suoi colori e profumi ti far\u00e0 dimenticare lo stress della vita quotidiana.<\/p>\n\t\t\t<a href=\"https:\/\/www.muse.it\/home\/scopri-il-museo\/il-muse-sul-territorio\/giardino-botanico-alpino\/\" target=\"_blank\" rel=\"noopener\">\n\t\t\t\t\t\t\tGiardino Botanico Alpino Viote del Monte Bondone\n\t\t\t\t\t<\/a>\n\t<p><strong>Servizi inclusi e personalizzabili<\/strong><\/p>\n<p>Puoi scegliere di portare la tua biancheria o optare, su richiesta, per il nostro servizio completo, che include tutto: coperte, cuscini, fodere e asciugamani. Cos\u00ec non devi preoccuparti di nulla e puoi concentrarti solo sul tuo viaggio.<\/p>\n\t<p><strong>Come prenotare<\/strong><\/p>\n<p>Prenotare una stanza \u00e8 facilissimo: basta visitare il nostro sito web o contattarci telefonicamente. Ti aiuteremo a scegliere la sistemazione che meglio si adatta alle tue esigenze.<\/p>\n<p>Un soggiorno nel nostro rifugio \u00e8 un&#8217;esperienza rigenerante per corpo e mente. Che tu stia cercando avventura, relax o semplicemente una pausa dalla routine, qui troverai tutto ci\u00f2 di cui hai bisogno per sentirti rinato. Non ti resta che preparare la valigia e raggiungerci: il riposo perfetto ti aspetta!<\/p>\n<h2>\n\t\t\tPrenota la tua camera!<br \/>Regalati un soggiorno indimenticabile!\t<\/h2>\n\n","protected":false},"excerpt":{"rendered":"<p>Prenota ora il tuo soggiorno da noi! L&#8217;esperienza di vivere in rifugio con la comodit\u00e0 dell&#8217;ampio parcheggio a solo 150 mt. La semplicit\u00e0 delle camere arredate con il calore del legno, l&#8217;ambiente informale, la condivisione dei bagni, la socializzazione sono l&#8217;occasione perfetta per respirare la vera essenza della vita in rifugio e della vita in &hellip; <\/p>\n<p class=\"link-more\"><a href=\"https:\/\/rifugioviote.com\/index.php\/pernottamento\/\" class=\"more-link\">Leggi tutto<span class=\"screen-reader-text\"> &#8220;Pernottamento&#8221;<\/span><\/a><\/p>\n","protected":false},"author":1,"featured_media":594,"parent":0,"menu_order":0,"comment_status":"closed","ping_status":"closed","template":"","meta":{"inspiro_hide_title":false,"footnotes":""},"class_list":["post-125","page","type-page","status-publish","has-post-thumbnail","hentry"],"featured_media_urls":{"thumbnail":["https:\/\/rifugioviote.com\/wp-content\/uploads\/2025\/01\/DSC4801-150x150.jpeg",150,150,true],"medium":["https:\/\/rifugioviote.com\/wp-content\/uploads\/2025\/01\/DSC4801-200x300.jpeg",200,300,true],"medium_large":["https:\/\/rifugioviote.com\/wp-content\/uploads\/2025\/01\/DSC4801-scaled.jpeg",768,1151,false],"large":["https:\/\/rifugioviote.com\/wp-content\/uploads\/2025\/01\/DSC4801-683x1024.jpeg",683,1024,true],"1536x1536":["https:\/\/rifugioviote.com\/wp-content\/uploads\/2025\/01\/DSC4801-scaled-1025x1536.jpeg",1025,1536,true],"2048x2048":["https:\/\/rifugioviote.com\/wp-content\/uploads\/2025\/01\/DSC4801-scaled-1366x2048.jpeg",1366,2048,true],"inspiro-featured-image":["https:\/\/rifugioviote.com\/wp-content\/uploads\/2025\/01\/DSC4801-2000x2997.jpeg",2000,2997,true],"inspiro-loop":["https:\/\/rifugioviote.com\/wp-content\/uploads\/2025\/01\/DSC4801-950x320.jpeg",950,320,true],"inspiro-loop@2x":["https:\/\/rifugioviote.com\/wp-content\/uploads\/2025\/01\/DSC4801-1900x640.jpeg",1900,640,true],"portfolio_item-thumbnail":["https:\/\/rifugioviote.com\/wp-content\/uploads\/2025\/01\/DSC4801-600x400.jpeg",600,400,true],"portfolio_item-thumbnail@2x":["https:\/\/rifugioviote.com\/wp-content\/uploads\/2025\/01\/DSC4801-1200x800.jpeg",1200,800,true],"portfolio_item-masonry":["https:\/\/rifugioviote.com\/wp-content\/uploads\/2025\/01\/DSC4801-scaled-600x899.jpeg",600,899,true],"portfolio_item-masonry@2x":["https:\/\/rifugioviote.com\/wp-content\/uploads\/2025\/01\/DSC4801-scaled-1200x1799.jpeg",1200,1799,true],"portfolio_item-thumbnail_cinema":["https:\/\/rifugioviote.com\/wp-content\/uploads\/2025\/01\/DSC4801-scaled-800x335.jpeg",800,335,true],"portfolio_item-thumbnail_portrait":["https:\/\/rifugioviote.com\/wp-content\/uploads\/2025\/01\/DSC4801-scaled-600x900.jpeg",600,900,true],"portfolio_item-thumbnail_portrait@2x":["https:\/\/rifugioviote.com\/wp-content\/uploads\/2025\/01\/DSC4801-scaled-1200x1800.jpeg",1200,1800,true],"portfolio_item-thumbnail_square":["https:\/\/rifugioviote.com\/wp-content\/uploads\/2025\/01\/DSC4801-scaled-800x800.jpeg",800,800,true]},"_links":{"self":[{"href":"https:\/\/rifugioviote.com\/index.php\/wp-json\/wp\/v2\/pages\/125","targetHints":{"allow":["GET"]}}],"collection":[{"href":"https:\/\/rifugioviote.com\/index.php\/wp-json\/wp\/v2\/pages"}],"about":[{"href":"https:\/\/rifugioviote.com\/index.php\/wp-json\/wp\/v2\/types\/page"}],"author":[{"embeddable":true,"href":"https:\/\/rifugioviote.com\/index.php\/wp-json\/wp\/v2\/users\/1"}],"replies":[{"embeddable":true,"href":"https:\/\/rifugioviote.com\/index.php\/wp-json\/wp\/v2\/comments?post=125"}],"version-history":[{"count":89,"href":"https:\/\/rifugioviote.com\/index.php\/wp-json\/wp\/v2\/pages\/125\/revisions"}],"predecessor-version":[{"id":718,"href":"https:\/\/rifugioviote.com\/index.php\/wp-json\/wp\/v2\/pages\/125\/revisions\/718"}],"wp:featuredmedia":[{"embeddable":true,"href":"https:\/\/rifugioviote.com\/index.php\/wp-json\/wp\/v2\/media\/594"}],"wp:attachment":[{"href":"https:\/\/rifugioviote.com\/index.php\/wp-json\/wp\/v2\/media?parent=125"}],"curies":[{"name":"wp","href":"https:\/\/api.w.org\/{rel}","templated":true}]}}